{"id":964,"date":"2021-10-21T17:25:37","date_gmt":"2021-10-21T15:25:37","guid":{"rendered":"http:\/\/pwiweb2.uzh.ch\/wordpress\/disintegration\/?page_id=964"},"modified":"2022-02-11T11:41:53","modified_gmt":"2022-02-11T10:41:53","slug":"outreach","status":"publish","type":"page","link":"http:\/\/pwiweb2.uzh.ch\/wordpress\/disintegration\/outreach\/","title":{"rendered":"Outreach"},"content":{"rendered":"\t\t<div data-elementor-type=\"wp-page\" data-elementor-id=\"964\" class=\"elementor elementor-964\" data-elementor-settings=\"[]\">\n\t\t\t\t\t\t<div class=\"elementor-inner\">\n\t\t\t\t\t\t\t<div class=\"elementor-section-wrap\">\n\t\t\t\t\t\t\t<section class=\"elementor-section elementor-top-section elementor-element elementor-element-4db85a7 elementor-section-boxed elementor-section-height-default elementor-section-height-default\" data-id=\"4db85a7\" data-element_type=\"section\">\n\t\t\t\t\t\t<div class=\"elementor-container elementor-column-gap-default\">\n\t\t\t\t\t\t\t<div class=\"elementor-row\">\n\t\t\t\t\t<div class=\"elementor-column elementor-col-100 elementor-top-column elementor-element elementor-element-10264e8\" data-id=\"10264e8\" data-element_type=\"column\">\n\t\t\t<div class=\"elementor-column-wrap elementor-element-populated\">\n\t\t\t\t\t\t\t<div class=\"elementor-widget-wrap\">\n\t\t\t\t\t\t<div class=\"elementor-element elementor-element-89d2eea elementor-widget elementor-widget-text-editor\" data-id=\"89d2eea\" data-element_type=\"widget\" data-widget_type=\"text-editor.default\">\n\t\t\t\t<div class=\"elementor-widget-container\">\n\t\t\t\t\t\t\t\t<div class=\"elementor-text-editor elementor-clearfix\">\n\t\t\t\t<h4>Find the various ways in which the Disintegration Project has interacted with the Media.<\/h4><ul><li><strong>Article with input from Stefanie Walter.<\/strong> Bondolfi, S. (2022). <a href=\"https:\/\/www.swissinfo.ch\/ger\/warum-die-schweiz-nicht-in-die-eu-will\/47315386?utm_campaign=teaser-in-channel&amp;utm_source=swissinfoch&amp;utm_content=o&amp;utm_medium=display\">Warum die Schweiz nicht in die EU will.<\/a> <em>swissinfo.ch, 10 February 2022<\/em>.<\/li><li><strong>Article with input from Stefanie Walter. <\/strong>J\u00f8rgensen, S. I. (2022). <a href=\"http:\/\/pwiweb2.uzh.ch\/wordpress\/disintegration\/wp-content\/uploads\/sites\/2\/2022\/01\/Morgenbladet_Disintegration.pdf\">EU Setter Hardt Mot Hardt Med. Spesialtilfellet Sveits.<\/a> <em>Morgenbladet, 14 January 2022.<\/em><\/li><li><strong>Article with input from Stefanie Walter.\u00a0<\/strong>Ochsenbein, T. (2021). <a href=\"https:\/\/www.blick.ch\/news\/expertin-ordnet-ein-ist-brexit-oder-corona-schuld-an-der-briten-krise-id16890200.html\">Ist Brexit oder Corona schuld an der Briten-Krise?<\/a> <em>Blick, 8 October 2021.<\/em><\/li><li><strong><strong>Interview with Stefanie Walter. <\/strong><\/strong><a href=\"https:\/\/ondemand-mp3.dradio.de\/file\/dradio\/2021\/10\/05\/warten_auf_tauwetter_die_schweiz_hofft_auf_ein_ende_der_dlf_20211005_0923_0c6b7a20.mp3\">Warten auf Tauwetter \u2013 Die Schweiz hofft auf ein Ende der Eiszeit mit der EU.<\/a> <em>Deutschlandfunk. 5 October 2021.<\/em><\/li><li><b>Article with input from Stefanie Walter.<\/b> Wermuth, J. (2021). <a href=\"https:\/\/www.watson.ch\/schweiz\/international\/390416904-rahmenabkommen-schweiz-eu-6-lehren-aus-dem-insta-aus\" target=\"_blank\" rel=\"noopener\">\u00abVerzerrte Wahrnehmung auf Schweizer Seite\u00bb \u2013 6 Lehren aus dem InstA-Aus<\/a>.<em> Watson<\/em>, 3 June 2021.<\/li><li><b>Interview with Stefanie Walter<\/b>. Deutschlandfunk. (2021). <a href=\"https:\/\/ondemand-mp3.dradio.de\/file\/dradio\/2021\/06\/03\/schweiz_laesst_rahmenabkommen_mit_eu_platzen_und_die_dlf_20210603_1452_ac260e45.mp3\" target=\"_blank\" rel=\"noopener\">Schweiz l\u00e4sst Rahmenabkommen mit EU platzen: Und die Hochschulen?<\/a> Campus<em> &amp; Karriere &#8211; das Bildungsmagazin<\/em>, 3 June 2021.<\/li><li><b>Article with input from Stefanie Walter.<\/b> Barrag\u00e1n, C. (2021). <a href=\"https:\/\/www.elconfidencial.com\/mundo\/europa\/2021-05-28\/suiza-union-europea-relaciones-economicas_3103840\/\" target=\"_blank\" rel=\"noopener\">Ruptura de las negociaciones. No es el Brexit suizo, pero se le parece: el nuevo embolado de la UE con Berna<\/a>. <em>El Confidencial,<\/em> 28 May 2021.<\/li><li><b>Article with input from Stefanie Walter.<\/b> Graf, D. (2021). <a href=\"https:\/\/www.20min.ch\/story\/mehr-stromausfaelle-und-verlorene-arbeitsplaetze-koennten-folgen-sein-440690189637\" target=\"_blank\" rel=\"noopener\">\u00abMehr Stromausf\u00e4lle und verlorene Arbeitspl\u00e4tze k\u00f6nnten Folgen sein\u00bb<\/a>. <em>20 Minuten, <\/em>27 May 2021.<\/li><\/ul>\t\t\t\t\t<\/div>\n\t\t\t\t\t\t<\/div>\n\t\t\t\t<\/div>\n\t\t\t\t\t\t<\/div>\n\t\t\t\t\t<\/div>\n\t\t<\/div>\n\t\t\t\t\t\t\t\t<\/div>\n\t\t\t\t\t<\/div>\n\t\t<\/section>\n\t\t\t\t\t\t<\/div>\n\t\t\t\t\t\t<\/div>\n\t\t\t\t\t<\/div>\n\t\t","protected":false},"excerpt":{"rendered":"<p>Find the various ways in which the Disintegration Project has interacted with the Media. Article with input from Stefanie Walter. Bondolfi, S. (2022). Warum die Schweiz nicht in die EU &#8230;<\/p>\n","protected":false},"author":2,"featured_media":0,"parent":0,"menu_order":0,"comment_status":"closed","ping_status":"closed","template":"","meta":[],"_links":{"self":[{"href":"http:\/\/pwiweb2.uzh.ch\/wordpress\/disintegration\/wp-json\/wp\/v2\/pages\/964"}],"collection":[{"href":"http:\/\/pwiweb2.uzh.ch\/wordpress\/disintegration\/wp-json\/wp\/v2\/pages"}],"about":[{"href":"http:\/\/pwiweb2.uzh.ch\/wordpress\/disintegration\/wp-json\/wp\/v2\/types\/page"}],"author":[{"embeddable":true,"href":"http:\/\/pwiweb2.uzh.ch\/wordpress\/disintegration\/wp-json\/wp\/v2\/users\/2"}],"replies":[{"embeddable":true,"href":"http:\/\/pwiweb2.uzh.ch\/wordpress\/disintegration\/wp-json\/wp\/v2\/comments?post=964"}],"version-history":[{"count":25,"href":"http:\/\/pwiweb2.uzh.ch\/wordpress\/disintegration\/wp-json\/wp\/v2\/pages\/964\/revisions"}],"predecessor-version":[{"id":1006,"href":"http:\/\/pwiweb2.uzh.ch\/wordpress\/disintegration\/wp-json\/wp\/v2\/pages\/964\/revisions\/1006"}],"wp:attachment":[{"href":"http:\/\/pwiweb2.uzh.ch\/wordpress\/disintegration\/wp-json\/wp\/v2\/media?parent=964"}],"curies":[{"name":"wp","href":"https:\/\/api.w.org\/{rel}","templated":true}]}}